{"id":143,"date":"2016-04-12T16:58:57","date_gmt":"2016-04-12T14:58:57","guid":{"rendered":"http:\/\/www.bloemencorso.eu\/?page_id=143"},"modified":"2026-03-24T17:45:53","modified_gmt":"2026-03-24T16:45:53","slug":"corso-valkenswaard","status":"publish","type":"page","link":"https:\/\/www.bloemencorso.eu\/de\/corso-valkenswaard\/","title":{"rendered":"Blumenkorso Valkenswaard"},"content":{"rendered":"<p><img loading=\"lazy\" decoding=\"async\" class=\"size-medium wp-image-144 alignright\" src=\"http:\/\/www.bloemencorso.eu\/wp-content\/uploads\/2016\/04\/Valkenswaard-portrait-225x300.jpg\" alt=\"Valkenswaard portrait\" width=\"225\" height=\"300\" srcset=\"https:\/\/www.bloemencorso.eu\/wp-content\/uploads\/2016\/04\/Valkenswaard-portrait-225x300.jpg 225w, https:\/\/www.bloemencorso.eu\/wp-content\/uploads\/2016\/04\/Valkenswaard-portrait-768x1024.jpg 768w, https:\/\/www.bloemencorso.eu\/wp-content\/uploads\/2016\/04\/Valkenswaard-portrait.jpg 900w\" sizes=\"auto, (max-width: 225px) 100vw, 225px\" \/>Jedes Jahr, am zweiten Sonntag im September, organisiert die Stiftung \u201eBloemencorso Valkenswaard\u2018 den Blumenkorso in Valkenswaard.<\/p>\n<p>Eine Dahlien Parade ausgef\u00fchrt von 14 wundersch\u00f6nen Blumenwagen (12 Meter lang, 4,5 Meter breit und 6 Meter hoch) bietet zusammen mit Harmonien und Fanfaren einem Publikum von 30.000 Menschen viel Sch\u00f6nes f\u00fcr Augen und Ohren. Um jeden Blumenwagen herum wird mit Hilfe von Musik und Stra\u00dfentheater das Thema des Blumenkorsos gedeutet.<\/p>\n<p>Weitere Informationen finden Sie unter <a href=\"http:\/\/www.corsovalkenswaard.nl\" target=\"_blank\" rel=\"noopener noreferrer\">www.corsovalkenswaard.nl<\/a><\/p>\n<p><a href=\"https:\/\/www.facebook.com\/Bloemencorso-Valkenswaard-120827327975977\/timeline\/\" target=\"_blank\" rel=\"noopener noreferrer\"><img loading=\"lazy\" decoding=\"async\" class=\"alignnone wp-image-54 size-full\" src=\"http:\/\/www.bloemencorso.eu\/wp-content\/uploads\/2016\/03\/facebook.jpg\" alt=\"facebook\" width=\"32\" height=\"32\" \/><\/a>\u00a0\u00a0\u00a0 <a href=\"https:\/\/twitter.com\/bc_valkenswaard\" target=\"_blank\" rel=\"noopener noreferrer\"><img loading=\"lazy\" decoding=\"async\" class=\"alignnone wp-image-51 size-full\" src=\"http:\/\/www.bloemencorso.eu\/wp-content\/uploads\/2016\/03\/twitter.jpg\" alt=\"twitter\" width=\"32\" height=\"32\" \/><\/a><\/p>\n<p>&nbsp;<\/p>","protected":false},"excerpt":{"rendered":"<p>Jedes Jahr, am zweiten Sonntag im September, organisiert die Stiftung \u201eBloemencorso Valkenswaard\u2018 den Blumenkorso in Valkenswaard. Eine Dahlien Parade ausgef\u00fchrt von 14 wundersch\u00f6nen Blumenwagen (12 Meter lang, 4,5 Meter breit und 6 Meter hoch) bietet zusammen mit Harmonien und Fanfaren einem Publikum von 30.000 Menschen viel Sch\u00f6nes f\u00fcr Augen und Ohren. Um jeden Blumenwagen herum&hellip;&nbsp;<a href=\"https:\/\/www.bloemencorso.eu\/de\/corso-valkenswaard\/\" rel=\"bookmark\">Weiterlesen &raquo;<span class=\"screen-reader-text\">Blumenkorso Valkenswaard<\/span><\/a><\/p>\n","protected":false},"author":1,"featured_media":145,"parent":0,"menu_order":0,"comment_status":"closed","ping_status":"closed","template":"","meta":{"neve_meta_sidebar":"","neve_meta_container":"","neve_meta_enable_content_width":"off","neve_meta_content_width":100,"neve_meta_title_alignment":"","neve_meta_author_avatar":"","neve_post_elements_order":"","neve_meta_disable_header":"","neve_meta_disable_footer":"","neve_meta_disable_title":"","footnotes":""},"class_list":["post-143","page","type-page","status-publish","has-post-thumbnail","hentry"],"_links":{"self":[{"href":"https:\/\/www.bloemencorso.eu\/de\/wp-json\/wp\/v2\/pages\/143","targetHints":{"allow":["GET"]}}],"collection":[{"href":"https:\/\/www.bloemencorso.eu\/de\/wp-json\/wp\/v2\/pages"}],"about":[{"href":"https:\/\/www.bloemencorso.eu\/de\/wp-json\/wp\/v2\/types\/page"}],"author":[{"embeddable":true,"href":"https:\/\/www.bloemencorso.eu\/de\/wp-json\/wp\/v2\/users\/1"}],"replies":[{"embeddable":true,"href":"https:\/\/www.bloemencorso.eu\/de\/wp-json\/wp\/v2\/comments?post=143"}],"version-history":[{"count":4,"href":"https:\/\/www.bloemencorso.eu\/de\/wp-json\/wp\/v2\/pages\/143\/revisions"}],"predecessor-version":[{"id":765,"href":"https:\/\/www.bloemencorso.eu\/de\/wp-json\/wp\/v2\/pages\/143\/revisions\/765"}],"wp:featuredmedia":[{"embeddable":true,"href":"https:\/\/www.bloemencorso.eu\/de\/wp-json\/wp\/v2\/media\/145"}],"wp:attachment":[{"href":"https:\/\/www.bloemencorso.eu\/de\/wp-json\/wp\/v2\/media?parent=143"}],"curies":[{"name":"wp","href":"https:\/\/api.w.org\/{rel}","templated":true}]}}