{"id":37,"date":"2016-03-14T11:43:46","date_gmt":"2016-03-14T10:43:46","guid":{"rendered":"http:\/\/www.bloemencorso.eu\/?page_id=37"},"modified":"2024-07-16T16:25:27","modified_gmt":"2024-07-16T14:25:27","slug":"home","status":"publish","type":"page","link":"https:\/\/www.bloemencorso.eu\/de\/","title":{"rendered":"Eine farbenfrohe Tradition"},"content":{"rendered":"<p>Blumencorsos sind Umz\u00fcge von Prunkwagen die fast vollst\u00e4ndig mit Bl\u00fcmen geschm\u00fcckt sind. Alle Jahre wieder bekommen die Organisatoren die Unterst\u00fctzung von vielen freiwilligen Helfern, Freundesgruppen, Vereinen und Nachbarschaften. Solche Umz\u00fcge werden Monate im Voraus vorbereitet. In Belgien gibt es noch 6 Gemeinden die einen Blumenkorso organisieren. <img loading=\"lazy\" decoding=\"async\" class=\"size-medium wp-image-223 alignright\" src=\"http:\/\/www.bloemencorso.eu\/wp-content\/uploads\/2016\/04\/sintjansklooster2-200x300.jpg\" alt=\"\" width=\"200\" height=\"300\" srcset=\"https:\/\/www.bloemencorso.eu\/wp-content\/uploads\/2016\/04\/sintjansklooster2-200x300.jpg 200w, https:\/\/www.bloemencorso.eu\/wp-content\/uploads\/2016\/04\/sintjansklooster2-768x1152.jpg 768w, https:\/\/www.bloemencorso.eu\/wp-content\/uploads\/2016\/04\/sintjansklooster2-683x1024.jpg 683w\" sizes=\"auto, (max-width: 200px) 100vw, 200px\" \/>In die Niederl\u00e4nde gibt es ungef\u00e4r 20 Blumenkorsos. Seit kurzem arbeiten sie zusammen. Um die Tradition zu bewahren und diese zukunftsgerecht aufzustellen haben sie sich ebenfalls mit den Organisatoren aus den Niederlanden zusammengeschlossen.<\/p>\n<p>Hiermit wollen sie nicht nur die Fertigkeiten f\u00fcr den aufwendigen und professionellen Aufbau der Wagenkonstruktionen weitergeben, sondern wollen auch f\u00fcr den Erhalt der Tradition sensibilisieren. Unter dem Motto \u201eZusammen sind wir st\u00e4rker\u201c b\u00fcndeln sie die Kr\u00e4fte im Bereichder Pflege von Kulturerbe. Das Histories, und das KIEN, Niederlandisch Zentrum f\u00fcr Volkskultur und immatieriellen Kulturerbe hilfen bei der Umsetzung.<\/p>\n<p><img loading=\"lazy\" decoding=\"async\" class=\" wp-image-191 aligncenter\" src=\"http:\/\/www.bloemencorso.eu\/wp-content\/uploads\/2016\/03\/DSC_2933-1-300x200.jpg\" alt=\"DSC_2933\" width=\"375\" height=\"259\" \/><\/p>","protected":false},"excerpt":{"rendered":"<p>Blumencorsos sind Umz\u00fcge von Prunkwagen die fast vollst\u00e4ndig mit Bl\u00fcmen geschm\u00fcckt sind. Alle Jahre wieder bekommen die Organisatoren die Unterst\u00fctzung von vielen freiwilligen Helfern, Freundesgruppen, Vereinen und Nachbarschaften. Solche Umz\u00fcge werden Monate im Voraus vorbereitet. In Belgien gibt es noch 6 Gemeinden die einen Blumenkorso organisieren. In die Niederl\u00e4nde gibt es ungef\u00e4r 20 Blumenkorsos. Seit&hellip;&nbsp;<a href=\"https:\/\/www.bloemencorso.eu\/de\/\" rel=\"bookmark\">Weiterlesen &raquo;<span class=\"screen-reader-text\">Eine farbenfrohe Tradition<\/span><\/a><\/p>\n","protected":false},"author":1,"featured_media":324,"parent":0,"menu_order":0,"comment_status":"closed","ping_status":"closed","template":"","meta":{"neve_meta_sidebar":"left","neve_meta_container":"","neve_meta_enable_content_width":"off","neve_meta_content_width":100,"neve_meta_title_alignment":"","neve_meta_author_avatar":"","neve_post_elements_order":"","neve_meta_disable_header":"","neve_meta_disable_footer":"","neve_meta_disable_title":"","footnotes":""},"class_list":["post-37","page","type-page","status-publish","has-post-thumbnail","hentry"],"_links":{"self":[{"href":"https:\/\/www.bloemencorso.eu\/de\/wp-json\/wp\/v2\/pages\/37","targetHints":{"allow":["GET"]}}],"collection":[{"href":"https:\/\/www.bloemencorso.eu\/de\/wp-json\/wp\/v2\/pages"}],"about":[{"href":"https:\/\/www.bloemencorso.eu\/de\/wp-json\/wp\/v2\/types\/page"}],"author":[{"embeddable":true,"href":"https:\/\/www.bloemencorso.eu\/de\/wp-json\/wp\/v2\/users\/1"}],"replies":[{"embeddable":true,"href":"https:\/\/www.bloemencorso.eu\/de\/wp-json\/wp\/v2\/comments?post=37"}],"version-history":[{"count":28,"href":"https:\/\/www.bloemencorso.eu\/de\/wp-json\/wp\/v2\/pages\/37\/revisions"}],"predecessor-version":[{"id":739,"href":"https:\/\/www.bloemencorso.eu\/de\/wp-json\/wp\/v2\/pages\/37\/revisions\/739"}],"wp:featuredmedia":[{"embeddable":true,"href":"https:\/\/www.bloemencorso.eu\/de\/wp-json\/wp\/v2\/media\/324"}],"wp:attachment":[{"href":"https:\/\/www.bloemencorso.eu\/de\/wp-json\/wp\/v2\/media?parent=37"}],"curies":[{"name":"wp","href":"https:\/\/api.w.org\/{rel}","templated":true}]}}